{"id":417,"date":"2016-06-20T16:26:42","date_gmt":"2016-06-20T14:26:42","guid":{"rendered":"https:\/\/rck.org.pl\/en\/?page_id=417"},"modified":"2016-06-20T16:26:42","modified_gmt":"2016-06-20T14:26:42","slug":"gallery","status":"publish","type":"page","link":"https:\/\/rck.org.pl\/en\/gallery\/","title":{"rendered":"Gallery"},"content":{"rendered":"<p>[et_pb_section admin_label=&#8221;Sekcja&#8221; fullwidth=&#8221;on&#8221; specialty=&#8221;off&#8221; transparent_background=&#8221;off&#8221; background_color=&#8221;#f3f4f8&#8243; allow_player_pause=&#8221;off&#8221; inner_shadow=&#8221;off&#8221; parallax=&#8221;off&#8221; parallax_method=&#8221;off&#8221; padding_mobile=&#8221;off&#8221; make_fullwidth=&#8221;off&#8221; use_custom_width=&#8221;off&#8221; width_unit=&#8221;on&#8221; make_equal=&#8221;off&#8221; use_custom_gutter=&#8221;off&#8221; background_image=&#8221;https:\/\/rck.org.pl\/wp-content\/uploads\/2016\/03\/Depositphotos_35269821_original-e1458670349923.jpg&#8221; custom_css_main_element=&#8221;background-position: top;&#8221;][et_pb_fullwidth_header admin_label=&#8221;Nag\u0142\u00f3wek pe\u0142nej szeroko\u015bci&#8221; title=&#8221;Gallery&#8221; background_layout=&#8221;light&#8221; text_orientation=&#8221;left&#8221; header_fullscreen=&#8221;off&#8221; header_scroll_down=&#8221;off&#8221; parallax=&#8221;off&#8221; parallax_method=&#8221;off&#8221; content_orientation=&#8221;center&#8221; image_orientation=&#8221;center&#8221; custom_button_one=&#8221;off&#8221; button_one_letter_spacing=&#8221;0&#8243; button_one_use_icon=&#8221;default&#8221; button_one_icon_placement=&#8221;right&#8221; button_one_on_hover=&#8221;on&#8221; button_one_letter_spacing_hover=&#8221;0&#8243; custom_button_two=&#8221;off&#8221; button_two_letter_spacing=&#8221;0&#8243; button_two_use_icon=&#8221;default&#8221; button_two_icon_placement=&#8221;right&#8221; button_two_on_hover=&#8221;on&#8221; button_two_letter_spacing_hover=&#8221;0&#8243; title_font_size=&#8221;45px&#8221; title_font_color=&#8221;#4d515c&#8221; custom_css_main_element=&#8221;border-bottom: solid 2px #3552a7;&#8221;] [\/et_pb_fullwidth_header][\/et_pb_section][et_pb_section admin_label=&#8221;Sekcja&#8221; fullwidth=&#8221;off&#8221; specialty=&#8221;off&#8221;][et_pb_row admin_label=&#8221;Wiersz&#8221;][et_pb_column type=&#8221;4_4&#8243;][et_pb_portfolio admin_label=&#8221;Portfolio&#8221; fullwidth=&#8221;off&#8221; posts_number=&#8221;30&#8243; show_title=&#8221;on&#8221; show_categories=&#8221;off&#8221; show_pagination=&#8221;on&#8221; background_layout=&#8221;light&#8221; hover_overlay_color=&#8221;rgba(0,0,0,0.44)&#8221; use_border_color=&#8221;off&#8221; border_color=&#8221;#ffffff&#8221; border_style=&#8221;solid&#8221; include_categories=&#8221;6&#8243; zoom_icon_color=&#8221;#ffffff&#8221; hover_icon=&#8221;%%99%%&#8221;] [\/et_pb_portfolio][\/et_pb_column][\/et_pb_row][\/et_pb_section]<\/p>\n","protected":false},"excerpt":{"rendered":"","protected":false},"author":1,"featured_media":0,"parent":0,"menu_order":0,"comment_status":"closed","ping_status":"closed","template":"","meta":{"_et_pb_use_builder":"on","_et_pb_old_content":"","_et_gb_content_width":"","footnotes":""},"class_list":["post-417","page","type-page","status-publish","hentry"],"yoast_head":"<!-- This site is optimized with the Yoast SEO plugin v27.1 - https:\/\/yoast.com\/product\/yoast-seo-wordpress\/ -->\n<title>Gallery - Fundacja Regionalne Centrum Kompetencji - RCK Bia\u0142ystok<\/title>\n<meta name=\"robots\" content=\"index, follow, max-snippet:-1, max-image-preview:large, max-video-preview:-1\" \/>\n<link rel=\"canonical\" href=\"https:\/\/rck.org.pl\/en\/gallery\/\" \/>\n<meta property=\"og:locale\" content=\"en_US\" \/>\n<meta property=\"og:type\" content=\"article\" \/>\n<meta property=\"og:title\" content=\"Gallery - Fundacja Regionalne Centrum Kompetencji - RCK Bia\u0142ystok\" \/>\n<meta property=\"og:url\" content=\"https:\/\/rck.org.pl\/en\/gallery\/\" \/>\n<meta property=\"og:site_name\" content=\"Fundacja Regionalne Centrum Kompetencji - RCK Bia\u0142ystok\" \/>\n<meta name=\"twitter:card\" content=\"summary_large_image\" \/>\n<meta name=\"twitter:label1\" content=\"Est. reading time\" \/>\n\t<meta name=\"twitter:data1\" content=\"1 minute\" \/>\n<script type=\"application\/ld+json\" class=\"yoast-schema-graph\">{\"@context\":\"https:\/\/schema.org\",\"@graph\":[{\"@type\":\"WebPage\",\"@id\":\"https:\/\/rck.org.pl\/en\/gallery\/\",\"url\":\"https:\/\/rck.org.pl\/en\/gallery\/\",\"name\":\"Gallery - Fundacja Regionalne Centrum Kompetencji - RCK Bia\u0142ystok\",\"isPartOf\":{\"@id\":\"https:\/\/rck.org.pl\/#website\"},\"datePublished\":\"2016-06-20T14:26:42+00:00\",\"breadcrumb\":{\"@id\":\"https:\/\/rck.org.pl\/en\/gallery\/#breadcrumb\"},\"inLanguage\":\"en-US\",\"potentialAction\":[{\"@type\":\"ReadAction\",\"target\":[\"https:\/\/rck.org.pl\/en\/gallery\/\"]}]},{\"@type\":\"BreadcrumbList\",\"@id\":\"https:\/\/rck.org.pl\/en\/gallery\/#breadcrumb\",\"itemListElement\":[{\"@type\":\"ListItem\",\"position\":1,\"name\":\"Strona g\u0142\u00f3wna\",\"item\":\"https:\/\/rck.org.pl\/en\/\"},{\"@type\":\"ListItem\",\"position\":2,\"name\":\"Gallery\"}]},{\"@type\":\"WebSite\",\"@id\":\"https:\/\/rck.org.pl\/#website\",\"url\":\"https:\/\/rck.org.pl\/\",\"name\":\"Fundacja Regionalne Centrum Kompetencji - RCK Bia\u0142ystok\",\"description\":\"Regionalne Centrum Kompetencji Bia\u0142ystok\",\"potentialAction\":[{\"@type\":\"SearchAction\",\"target\":{\"@type\":\"EntryPoint\",\"urlTemplate\":\"https:\/\/rck.org.pl\/?s={search_term_string}\"},\"query-input\":{\"@type\":\"PropertyValueSpecification\",\"valueRequired\":true,\"valueName\":\"search_term_string\"}}],\"inLanguage\":\"en-US\"}]}<\/script>\n<!-- \/ Yoast SEO plugin. -->","yoast_head_json":{"title":"Gallery - Fundacja Regionalne Centrum Kompetencji - RCK Bia\u0142ystok","robots":{"index":"index","follow":"follow","max-snippet":"max-snippet:-1","max-image-preview":"max-image-preview:large","max-video-preview":"max-video-preview:-1"},"canonical":"https:\/\/rck.org.pl\/en\/gallery\/","og_locale":"en_US","og_type":"article","og_title":"Gallery - Fundacja Regionalne Centrum Kompetencji - RCK Bia\u0142ystok","og_url":"https:\/\/rck.org.pl\/en\/gallery\/","og_site_name":"Fundacja Regionalne Centrum Kompetencji - RCK Bia\u0142ystok","twitter_card":"summary_large_image","twitter_misc":{"Est. reading time":"1 minute"},"schema":{"@context":"https:\/\/schema.org","@graph":[{"@type":"WebPage","@id":"https:\/\/rck.org.pl\/en\/gallery\/","url":"https:\/\/rck.org.pl\/en\/gallery\/","name":"Gallery - Fundacja Regionalne Centrum Kompetencji - RCK Bia\u0142ystok","isPartOf":{"@id":"https:\/\/rck.org.pl\/#website"},"datePublished":"2016-06-20T14:26:42+00:00","breadcrumb":{"@id":"https:\/\/rck.org.pl\/en\/gallery\/#breadcrumb"},"inLanguage":"en-US","potentialAction":[{"@type":"ReadAction","target":["https:\/\/rck.org.pl\/en\/gallery\/"]}]},{"@type":"BreadcrumbList","@id":"https:\/\/rck.org.pl\/en\/gallery\/#breadcrumb","itemListElement":[{"@type":"ListItem","position":1,"name":"Strona g\u0142\u00f3wna","item":"https:\/\/rck.org.pl\/en\/"},{"@type":"ListItem","position":2,"name":"Gallery"}]},{"@type":"WebSite","@id":"https:\/\/rck.org.pl\/#website","url":"https:\/\/rck.org.pl\/","name":"Fundacja Regionalne Centrum Kompetencji - RCK Bia\u0142ystok","description":"Regionalne Centrum Kompetencji Bia\u0142ystok","potentialAction":[{"@type":"SearchAction","target":{"@type":"EntryPoint","urlTemplate":"https:\/\/rck.org.pl\/?s={search_term_string}"},"query-input":{"@type":"PropertyValueSpecification","valueRequired":true,"valueName":"search_term_string"}}],"inLanguage":"en-US"}]}},"_links":{"self":[{"href":"https:\/\/rck.org.pl\/en\/wp-json\/wp\/v2\/pages\/417","targetHints":{"allow":["GET"]}}],"collection":[{"href":"https:\/\/rck.org.pl\/en\/wp-json\/wp\/v2\/pages"}],"about":[{"href":"https:\/\/rck.org.pl\/en\/wp-json\/wp\/v2\/types\/page"}],"author":[{"embeddable":true,"href":"https:\/\/rck.org.pl\/en\/wp-json\/wp\/v2\/users\/1"}],"replies":[{"embeddable":true,"href":"https:\/\/rck.org.pl\/en\/wp-json\/wp\/v2\/comments?post=417"}],"version-history":[{"count":0,"href":"https:\/\/rck.org.pl\/en\/wp-json\/wp\/v2\/pages\/417\/revisions"}],"wp:attachment":[{"href":"https:\/\/rck.org.pl\/en\/wp-json\/wp\/v2\/media?parent=417"}],"curies":[{"name":"wp","href":"https:\/\/api.w.org\/{rel}","templated":true}]}}