{"id":411,"date":"2016-06-20T16:23:02","date_gmt":"2016-06-20T14:23:02","guid":{"rendered":"https:\/\/rck.org.pl\/en\/?page_id=411"},"modified":"2020-06-23T11:19:00","modified_gmt":"2020-06-23T09:19:00","slug":"projectsold","status":"publish","type":"page","link":"https:\/\/rck.org.pl\/en\/projectsold\/","title":{"rendered":"Projects OLD"},"content":{"rendered":"<p>[et_pb_section fb_built=&#8221;1&#8243; fullwidth=&#8221;on&#8221; custom_padding_last_edited=&#8221;on|desktop&#8221; _builder_version=&#8221;3.22&#8243; background_color=&#8221;#f3f4f8&#8243; background_image=&#8221;https:\/\/rck.org.pl\/wp-content\/uploads\/2016\/03\/Depositphotos_35269821_original-e1458670349923.jpg&#8221; custom_padding_tablet=&#8221;50px|0|50px|0&#8243; custom_padding_phone=&#8221;&#8221; custom_css_main_element=&#8221;background-position: top;&#8221; transparent_background=&#8221;off&#8221; padding_mobile=&#8221;off&#8221; make_fullwidth=&#8221;off&#8221; use_custom_width=&#8221;off&#8221; width_unit=&#8221;on&#8221;][et_pb_fullwidth_header title=&#8221;Rozw\u00f3j kompetencji w regionie&#8221; content_max_width=&#8221;none&#8221; title_font_color=&#8221;#4d515c&#8221; _builder_version=&#8221;4.3.4&#8243; title_text_color=&#8221;#4d515c&#8221; title_font_size=&#8221;45px&#8221; background_color=&#8221;rgba(255, 255, 255, 0)&#8221; background_layout=&#8221;light&#8221; custom_css_main_element=&#8221;border-bottom: solid 2px #3552a7;&#8221; button_one_letter_spacing_hover=&#8221;0&#8243; button_two_letter_spacing_hover=&#8221;0&#8243; button_one_text_size__hover_enabled=&#8221;off&#8221; button_two_text_size__hover_enabled=&#8221;off&#8221; button_one_text_color__hover_enabled=&#8221;off&#8221; button_two_text_color__hover_enabled=&#8221;off&#8221; button_one_border_width__hover_enabled=&#8221;off&#8221; button_two_border_width__hover_enabled=&#8221;off&#8221; button_one_border_color__hover_enabled=&#8221;off&#8221; button_two_border_color__hover_enabled=&#8221;off&#8221; button_one_border_radius__hover_enabled=&#8221;off&#8221; button_two_border_radius__hover_enabled=&#8221;off&#8221; button_one_letter_spacing__hover_enabled=&#8221;on&#8221; button_one_letter_spacing__hover=&#8221;0&#8243; button_two_letter_spacing__hover_enabled=&#8221;on&#8221; button_two_letter_spacing__hover=&#8221;0&#8243; button_one_bg_color__hover_enabled=&#8221;off&#8221; button_two_bg_color__hover_enabled=&#8221;off&#8221;][\/et_pb_fullwidth_header][\/et_pb_section][et_pb_section fb_built=&#8221;1&#8243; _builder_version=&#8221;3.26.6&#8243;][et_pb_row _builder_version=&#8221;3.25&#8243; background_size=&#8221;initial&#8221; background_position=&#8221;top_left&#8221; background_repeat=&#8221;repeat&#8221;][et_pb_column type=&#8221;4_4&#8243; _builder_version=&#8221;3.25&#8243; custom_padding=&#8221;|||&#8221; custom_padding__hover=&#8221;|||&#8221;][et_pb_text _builder_version=&#8221;4.3.4&#8243; background_size=&#8221;initial&#8221; background_position=&#8221;top_left&#8221; background_repeat=&#8221;repeat&#8221;]<\/p>\n<p style=\"text-align: justify;\">Regionalne Centrum Kompetencji zaanga\u017cowane jest w nast\u0119puj\u0105ce przedsi\u0119wzi\u0119cia i inicjatywy edukacyjne:<\/p>\n<ul>\n<li style=\"text-align: justify;\"><strong>Fundacja bada jako\u015b\u0107 kszta\u0142cenia zawodowego w Suwa\u0142kach<\/strong><br \/>Fundacja Regionalne Centrum Kompetencji w Bia\u0142ymstoku w okresie stycze\u0144 &#8211; czerwiec 2020 przygotowa\u0142a raport dotycz\u0105cy jako\u015bci kszta\u0142cenia zawodowego w szczeg\u00f3lno\u015bci w kontek\u015bcie jego dopasowania do potrzeb rynku pracy i kluczowych pracodawc\u00f3w Suwa\u0142k odnosz\u0105cego si\u0119 do Zespo\u0142u Szk\u00f3\u0142 nr 4 w Suwa\u0142kach, Zespo\u0142u Szk\u00f3\u0142 Technicznych w Suwa\u0142kach oraz Zespo\u0142u Szk\u00f3\u0142 nr 6 im. Karola Brzostowskiego w Suwa\u0142kach.<\/li>\n<\/ul>\n<p>&nbsp;<\/p>\n<ul>\n<li style=\"text-align: justify;\"><strong>Fundacja po raz kolejny anga\u017cuje si\u0119 w promocj\u0119 kszta\u0142cenia zawodowego<\/strong><br \/>We wtorek 15 pa\u017adziernika 2019r. Fundacja organizuje spotkanie pn.: &#8220;Rozw\u00f3j kompetencji &#8211; forum dobrych praktyk&#8221; kt\u00f3re ma za zadanie promowa\u0107 i upowszechnia\u0107 dobre praktyki projekt\u00f3w w obszarze szkolnictwa zawodowego w ramach programu Erasmus+. Celem wydarzenia jest r\u00f3wnie\u017c dyskusja nt. oczekiwa\u0144 przedsi\u0119biorc\u00f3w wobec postaw i kwalifikacji uczni\u00f3w szk\u00f3\u0142 zawodowych oraz prezentacja do\u015bwiadcze\u0144 szk\u00f3\u0142 w zakresie wsp\u00f3\u0142pracy z przedsi\u0119biorcami. Uczestnikami b\u0119d\u0105 przedstawiciele szk\u00f3\u0142 i lokalni przedsi\u0119biorcy. Podczas spotkania odb\u0119dzie si\u0119 r\u00f3wnie\u017c panel dyskusyjny, w trakcie kt\u00f3rego uczestnicy wymieni\u0105 si\u0119 do\u015bwiadczeniami, uwagami i spostrze\u017ceniami w obszarze praktycznej nauki zawodu. Spotkanie pozwoli r\u00f3wnie\u017c na wymian\u0119 dobrych praktyk. Forum odb\u0119dzie si\u0119 w Akademickim Inkubatorze Przedsi\u0119biorczo\u015bci i Wybranych Nowych Technologii Politechniki Bia\u0142ostockiej w ramach Europejskiego Tygodnia Umiej\u0119tno\u015bci Zawodowych 2019.<\/li>\n<\/ul>\n<p><a href=\"https:\/\/rck.org.pl\/wp-content\/uploads\/2019\/10\/Program_ETUZ_RCK_2019.pdf\" target=\"_blank\" rel=\"noopener noreferrer\">Program wydarzenia<\/a><\/p>\n<p><a href=\"https:\/\/ec.europa.eu\/social\/vocational-skills-week\/your-country_en#evsw-iyc-map-form\" rel=\"nofollow\"><img decoding=\"async\" class=\"aligncenter wp-image-1698 size-large\" src=\"https:\/\/rck.org.pl\/wp-content\/uploads\/2019\/10\/ETUZ-2019-1024x189.png\" alt=\"\" width=\"1024\" height=\"189\" srcset=\"https:\/\/rck.org.pl\/wp-content\/uploads\/2019\/10\/ETUZ-2019-1024x189.png 1024w, https:\/\/rck.org.pl\/wp-content\/uploads\/2019\/10\/ETUZ-2019-300x55.png 300w, https:\/\/rck.org.pl\/wp-content\/uploads\/2019\/10\/ETUZ-2019-768x141.png 768w, https:\/\/rck.org.pl\/wp-content\/uploads\/2019\/10\/ETUZ-2019-1080x199.png 1080w\" sizes=\"(max-width: 1024px) 100vw, 1024px\" \/><\/a><\/p>\n<p>&nbsp;<\/p>\n<ul>\n<li style=\"text-align: justify;\"><strong>Regionalne Centrum Gastronomiczne szkoli przysz\u0142ych barist\u00f3w z \u0141ap<\/strong><br \/>W dniach 8-10.12.2017r. odby\u0142 si\u0119 kurs baristyczny skierowany do uczestnik\u00f3w kszta\u0142cenia na kierunku technik hotelarstwa w Zespole Szk\u00f3\u0142 Mechanicznych im. St. Czarnieckiego w \u0141apach. Zaw\u00f3d baristy jest coraz bardziej po\u017c\u0105dany na naszym rynku pracy. Uczestnicy kursu zdobyli wiedz\u0119 i umiej\u0119tno\u015bci, kt\u00f3re pozwol\u0105 wyr\u00f3\u017cni\u0107 ich spo\u015br\u00f3d wielu aspiruj\u0105cych do bycia profesjonalist\u0105 w zawodzie. Zaj\u0119cia sk\u0142ada\u0142y si\u0119 z cz\u0119\u015bci teoretycznej i praktycznej. W pierwszej kolejno\u015bci odby\u0142 si\u0119 wyk\u0142ad, w trakcie kt\u00f3rego om\u00f3wiono m.in. techniki pracy baristy, teoretyczne informacje o kawie, techniki spieniania mleka oraz wyko\u0144czenia kaw. W kolejnych dniach uczestnicy kursu mieli mo\u017cliwo\u015b\u0107 osobi\u015bcie prze\u0107wiczy\u0107 wykonanie napoj\u00f3w przygotowuj\u0105c je na profesjonalnych gastronomicznych ekspresach ci\u015bnieniowych i wysokiej jako\u015bci kawach. Co ciekawe, zaj\u0119cia poprowadzi\u0142a certyfikowana baristka, kt\u00f3ra jest absolwentk\u0105 ZSM w \u0141apach. Kurs ko\u0144czy\u0142 si\u0119 wr\u0119czeniem certyfikat\u00f3w uczestnikom, kt\u00f3rzy z ocen\u0105 pozytywn\u0105 zako\u0144czyli egzamin teoretyczny i praktyczny.<br \/>Zapraszamy do zapoznania si\u0119 z galeri\u0105 zdj\u0119\u0107:\n<ul class=\"et_post_gallery clearfix\">\n\t\t\t\t\t<li class=\"et_gallery_item et_pb_gallery_image\">\n\t\t\t\t\t\t<a href=\"https:\/\/rck.org.pl\/wp-content\/uploads\/2018\/02\/IMG_20171209_092257.jpg\" title=\"IMG_20171209_092257\">\n\t\t\t\t\t\t\t<span class=\"et_portfolio_image\">\n\t\t\t\t\t\t\t\t<img decoding=\"async\" width=\"400\" height=\"284\" src=\"https:\/\/rck.org.pl\/wp-content\/uploads\/2018\/02\/IMG_20171209_092257-400x284.jpg\" class=\"attachment-et-pb-portfolio-image size-et-pb-portfolio-image\" alt=\"\" \/>\n\t\t\t\t\t\t\t\t<span class=\"et_overlay\"><\/span>\n\t\t\t\t\t\t\t<\/span>\n\t\t\t\t\t\t<\/a>\n\t\t\t\t\t\t\n\t\t\t\t\t<\/li><li class=\"et_gallery_item et_pb_gallery_image\">\n\t\t\t\t\t\t<a href=\"https:\/\/rck.org.pl\/wp-content\/uploads\/2018\/02\/IMG_20171209_093442.jpg\" title=\"IMG_20171209_093442\">\n\t\t\t\t\t\t\t<span class=\"et_portfolio_image\">\n\t\t\t\t\t\t\t\t<img decoding=\"async\" width=\"400\" height=\"284\" src=\"https:\/\/rck.org.pl\/wp-content\/uploads\/2018\/02\/IMG_20171209_093442-400x284.jpg\" class=\"attachment-et-pb-portfolio-image size-et-pb-portfolio-image\" alt=\"\" \/>\n\t\t\t\t\t\t\t\t<span class=\"et_overlay\"><\/span>\n\t\t\t\t\t\t\t<\/span>\n\t\t\t\t\t\t<\/a>\n\t\t\t\t\t\t\n\t\t\t\t\t<\/li><li class=\"et_gallery_item et_pb_gallery_image\">\n\t\t\t\t\t\t<a href=\"https:\/\/rck.org.pl\/wp-content\/uploads\/2018\/02\/IMG_20171209_100144.jpg\" title=\"IMG_20171209_100144\">\n\t\t\t\t\t\t\t<span class=\"et_portfolio_image\">\n\t\t\t\t\t\t\t\t<img decoding=\"async\" width=\"400\" height=\"284\" src=\"https:\/\/rck.org.pl\/wp-content\/uploads\/2018\/02\/IMG_20171209_100144-400x284.jpg\" class=\"attachment-et-pb-portfolio-image size-et-pb-portfolio-image\" alt=\"\" \/>\n\t\t\t\t\t\t\t\t<span class=\"et_overlay\"><\/span>\n\t\t\t\t\t\t\t<\/span>\n\t\t\t\t\t\t<\/a>\n\t\t\t\t\t\t\n\t\t\t\t\t<\/li><li class=\"et_gallery_item et_pb_gallery_image\">\n\t\t\t\t\t\t<a href=\"https:\/\/rck.org.pl\/wp-content\/uploads\/2018\/02\/IMG_20171209_104612.jpg\" title=\"IMG_20171209_104612\">\n\t\t\t\t\t\t\t<span class=\"et_portfolio_image\">\n\t\t\t\t\t\t\t\t<img decoding=\"async\" width=\"400\" height=\"284\" src=\"https:\/\/rck.org.pl\/wp-content\/uploads\/2018\/02\/IMG_20171209_104612-400x284.jpg\" class=\"attachment-et-pb-portfolio-image size-et-pb-portfolio-image\" alt=\"\" \/>\n\t\t\t\t\t\t\t\t<span class=\"et_overlay\"><\/span>\n\t\t\t\t\t\t\t<\/span>\n\t\t\t\t\t\t<\/a>\n\t\t\t\t\t\t\n\t\t\t\t\t<\/li>\n\t\t\t\t<\/ul>\n<\/li>\n<\/ul>\n<p>&nbsp;<\/p>\n<ul>\n<li style=\"text-align: justify;\">Seminarium <em>\u201eSta\u017ce a rozw\u00f3j przedsi\u0119biorstw\u201d<\/em> to wydarzenie organizowane w ramach <em>Europejskiego Tygodnia Umiej\u0119tno\u015bci Zawodowych 2017<\/em>. Wydarzenie odb\u0119dzie si\u0119 22 listopada 2017r. o godzinie 10.00 w sali nr 34 Wydzia\u0142u Budownictwa i In\u017cynierii \u015arodowiska Politechniki Bia\u0142ostockiej. Seminarium ma za zadanie promowa\u0107 i upowszechnia\u0107 dobre praktyki projekt\u00f3w mobilno\u015bci w ramach programu Erasmus+. Celem wydarzenia jest r\u00f3wnie\u017c dyskusja nt. oczekiwa\u0144 przedsi\u0119biorc\u00f3w wobec postaw i kwalifikacji uczni\u00f3w szk\u00f3\u0142 zawodowych oraz prezentacja do\u015bwiadcze\u0144 szk\u00f3\u0142 w zakresie wsp\u00f3\u0142pracy z przedsi\u0119biorcami. Uczestnikami b\u0119d\u0105 przedstawiciele szk\u00f3\u0142 i lokalni przedsi\u0119biorcy. Podczas spotkania odb\u0119dzie si\u0119 panel dyskusyjny, w trakcie kt\u00f3rego uczestnicy wymieni\u0105 si\u0119 do\u015bwiadczeniami, uwagami i spostrze\u017ceniami w obszarze praktycznej nauki zawodu. Spotkanie pozwoli r\u00f3wnie\u017c na wymian\u0119 dobrych praktyk. Zapraszamy do udzia\u0142u w wydarzeniu &#8211; <a href=\"https:\/\/rck.org.pl\/wp-content\/uploads\/2016\/03\/Program-seminarium.pdf\">Program seminarium.<\/a><\/li>\n<\/ul>\n<p><a href=\"http:\/\/ec.europa.eu\/social\/main.jsp?langId=en&amp;catId=1261\"><img decoding=\"async\" class=\"aligncenter wp-image-1240 size-medium\" src=\"https:\/\/rck.org.pl\/wp-content\/uploads\/2016\/03\/EVSWeek-2017-RGB-288x300.png\" alt=\"\" width=\"288\" height=\"300\" srcset=\"https:\/\/rck.org.pl\/wp-content\/uploads\/2016\/03\/EVSWeek-2017-RGB-288x300.png 288w, https:\/\/rck.org.pl\/wp-content\/uploads\/2016\/03\/EVSWeek-2017-RGB.png 652w\" sizes=\"(max-width: 288px) 100vw, 288px\" \/><\/a><\/p>\n<ul>\n<li style=\"text-align: justify;\">Mi\u0119dzynarodowa wymiana m\u0142odzie\u017cy z Unii Europejskiej. Uczestnikami projektu b\u0119d\u0105 m\u0142odzi ludzie w wieku od 18 do 30 lat, pochodz\u0105cy z 9 kraj\u00f3w europejskich takich jak: Hiszpania, W\u0142ochy, Grecja, Estonia, Chorwacja, Litwa, Bu\u0142garia, \u0141otwa, S\u0142owenia i Polska. Ka\u017cda grupa uczestnik\u00f3w z ka\u017cdego kraju b\u0119dzie liczy\u0142a cztery osoby, a dodatkowo ka\u017cda grupa b\u0119dzie mia\u0142a swojego lidera grupy. G\u0142\u00f3wnym celem inicjatywy jest promowanie idei zdrowego \u017cywienia. Wymiana pogl\u0105d\u00f3w i do\u015bwiadcze\u0144 przyczyni si\u0119 do rozwijania tolerancji, poszerzenia wiedzy o innych kulturach, znalezienia cech \u0142\u0105cz\u0105cych r\u00f3\u017cne kultury oraz zatarcia stereotyp\u00f3w.<\/li>\n<\/ul>\n<p>&nbsp;<\/p>\n<ul>\n<li style=\"text-align: justify;\">Zagraniczne sta\u017ce zawodowe dla uczni\u00f3w trzech szk\u00f3\u0142 technicznych z woj. podlaskiego. Uczestnikami projektu b\u0119dzie 24 uczni\u00f3w kszta\u0142c\u0105cych si\u0119 w zawodzie technik mechanik. Dzi\u0119ki udzia\u0142owi w projekcie uczniowie zdob\u0119d\u0105 praktyczne umiej\u0119tno\u015bci w swoim zawodzie.<\/li>\n<\/ul>\n<p>&nbsp;<\/p>\n<ul>\n<li style=\"text-align: justify;\">Konsultacje techniczne z 20 przedsi\u0119biorcami z woj. podlaskiego, co ma na celu okre\u015blenie zapotrzebowania kompetencji mi\u0119kkich u pracownik\u00f3w i kandydat\u00f3w. Diagnoza s\u0142u\u017cy\u0107 b\u0119dzie opracowaniu trzech innowacyjnych szkole\u0144 prowadzonych metod\u0105 d-learning.<\/li>\n<\/ul>\n<p>&nbsp;<\/p>\n<ul>\n<li style=\"text-align: justify;\">Opracowanie i stworzenie innowacyjnego systemu 40-godzinnych kurs\u00f3w w ramach kszta\u0142cenia zawodowego w okre\u015blonej i w\u0105skiej grupie kwalifikacji, dost\u0119pnych za po\u015brednictwem platformy edukacyjnej. Kursy b\u0119d\u0105 umo\u017cliwia\u0142y nie tylko elastyczne czasowo nabycie kompetencji przez ich uczestnik\u00f3w, ale r\u00f3wnie\u017c pozwol\u0105 na dynamiczn\u0105 ocen\u0119 zdobytych umiej\u0119tno\u015bci pod k\u0105tem ich przydatno\u015bci przez przedsi\u0119biorc\u00f3w, jak r\u00f3wnie\u017c pod k\u0105tem oceny umiej\u0119tno\u015bci uczestnik\u00f3w kszta\u0142cenia przez nauczycieli zawodu.<\/li>\n<\/ul>\n<p>&nbsp;<\/p>\n<ul>\n<li style=\"text-align: justify;\">Zagraniczne sta\u017ce zawodowe uczni\u00f3w Zespo\u0142u Szk\u00f3\u0142 Centrum Kszta\u0142cenia Rolniczego im. Krzysztofa Kluka w Rudce w ramach projektu realizowanego w ramach Programu Operacyjnego Wiedza Edukacja Rozw\u00f3j na lata 2014-2020. W projekcie udzia\u0142 we\u017amie \u0142\u0105cznie 37 uczni\u00f3w kszta\u0142c\u0105cych si\u0119 w zawodzie technik \u017cywienia i us\u0142ug gastronomicznych oraz technik agrobiznesu, kt\u00f3rzy zrealizuj\u0105 sta\u017ce w zagranicznych przedsi\u0119biorstwach w Hiszpanii, w mie\u015bcie Walencja. Dzi\u0119ki udzia\u0142owi w projekcie uczniowie zdob\u0119d\u0105 praktyczne umiej\u0119tno\u015bci w swoim zawodzie. Zapraszamy do zapoznania si\u0119 z <a href=\"https:\/\/rck.org.pl\/wp-content\/uploads\/2017\/03\/Materia\u0142-ZS-Rudka.pdf\" target=\"_blank\" rel=\"noopener noreferrer\">artyku\u0142em<\/a>.<\/li>\n<\/ul>\n<p>&nbsp;<\/p>\n<ul>\n<li style=\"text-align: justify;\">Opracowanie strategii rozwoju szkolnictwa zawodowego (w bran\u017cy gastronomicznej) w zakresie wsp\u00f3\u0142pracy mi\u0119dzynarodowej i programu praktyk z elementami kuchni eksperymentalnej.<\/li>\n<\/ul>\n<p>[\/et_pb_text][\/et_pb_column][\/et_pb_row][\/et_pb_section]<\/p>\n","protected":false},"excerpt":{"rendered":"<p>Regionalne Centrum Kompetencji zaanga\u017cowane jest w nast\u0119puj\u0105ce przedsi\u0119wzi\u0119cia i inicjatywy edukacyjne: Fundacja bada jako\u015b\u0107 kszta\u0142cenia zawodowego w Suwa\u0142kachFundacja Regionalne Centrum Kompetencji w Bia\u0142ymstoku w okresie stycze\u0144 &#8211; czerwiec 2020 przygotowa\u0142a raport dotycz\u0105cy jako\u015bci kszta\u0142cenia zawodowego w szczeg\u00f3lno\u015bci w kontek\u015bcie jego dopasowania do potrzeb rynku pracy i kluczowych pracodawc\u00f3w Suwa\u0142k odnosz\u0105cego si\u0119 do Zespo\u0142u Szk\u00f3\u0142 nr [&hellip;]<\/p>\n","protected":false},"author":1,"featured_media":0,"parent":0,"menu_order":0,"comment_status":"closed","ping_status":"closed","template":"","meta":{"_et_pb_use_builder":"on","_et_pb_old_content":"","_et_gb_content_width":"","footnotes":""},"class_list":["post-411","page","type-page","status-publish","hentry"],"yoast_head":"<!-- This site is optimized with the Yoast SEO plugin v27.1 - https:\/\/yoast.com\/product\/yoast-seo-wordpress\/ -->\n<title>Projects OLD - Fundacja Regionalne Centrum Kompetencji - RCK Bia\u0142ystok<\/title>\n<meta name=\"robots\" content=\"index, follow, max-snippet:-1, max-image-preview:large, max-video-preview:-1\" \/>\n<link rel=\"canonical\" href=\"https:\/\/rck.org.pl\/en\/projectsold\/\" \/>\n<meta property=\"og:locale\" content=\"en_US\" \/>\n<meta property=\"og:type\" content=\"article\" \/>\n<meta property=\"og:title\" content=\"Projects OLD - Fundacja Regionalne Centrum Kompetencji - RCK Bia\u0142ystok\" \/>\n<meta property=\"og:description\" content=\"Regionalne Centrum Kompetencji zaanga\u017cowane jest w nast\u0119puj\u0105ce przedsi\u0119wzi\u0119cia i inicjatywy edukacyjne: Fundacja bada jako\u015b\u0107 kszta\u0142cenia zawodowego w Suwa\u0142kachFundacja Regionalne Centrum Kompetencji w Bia\u0142ymstoku w okresie stycze\u0144 - czerwiec 2020 przygotowa\u0142a raport dotycz\u0105cy jako\u015bci kszta\u0142cenia zawodowego w szczeg\u00f3lno\u015bci w kontek\u015bcie jego dopasowania do potrzeb rynku pracy i kluczowych pracodawc\u00f3w Suwa\u0142k odnosz\u0105cego si\u0119 do Zespo\u0142u Szk\u00f3\u0142 nr [&hellip;]\" \/>\n<meta property=\"og:url\" content=\"https:\/\/rck.org.pl\/en\/projectsold\/\" \/>\n<meta property=\"og:site_name\" content=\"Fundacja Regionalne Centrum Kompetencji - RCK Bia\u0142ystok\" \/>\n<meta property=\"article:modified_time\" content=\"2020-06-23T09:19:00+00:00\" \/>\n<meta property=\"og:image\" content=\"https:\/\/rck.org.pl\/wp-content\/uploads\/2019\/10\/ETUZ-2019-1024x189.png\" \/>\n<meta name=\"twitter:card\" content=\"summary_large_image\" \/>\n<meta name=\"twitter:label1\" content=\"Est. reading time\" \/>\n\t<meta name=\"twitter:data1\" content=\"6 minutes\" \/>\n<script type=\"application\/ld+json\" class=\"yoast-schema-graph\">{\"@context\":\"https:\/\/schema.org\",\"@graph\":[{\"@type\":\"WebPage\",\"@id\":\"https:\/\/rck.org.pl\/en\/projectsold\/\",\"url\":\"https:\/\/rck.org.pl\/en\/projectsold\/\",\"name\":\"Projects OLD - Fundacja Regionalne Centrum Kompetencji - RCK Bia\u0142ystok\",\"isPartOf\":{\"@id\":\"https:\/\/rck.org.pl\/#website\"},\"primaryImageOfPage\":{\"@id\":\"https:\/\/rck.org.pl\/en\/projectsold\/#primaryimage\"},\"image\":{\"@id\":\"https:\/\/rck.org.pl\/en\/projectsold\/#primaryimage\"},\"thumbnailUrl\":\"https:\/\/rck.org.pl\/wp-content\/uploads\/2019\/10\/ETUZ-2019-1024x189.png\",\"datePublished\":\"2016-06-20T14:23:02+00:00\",\"dateModified\":\"2020-06-23T09:19:00+00:00\",\"breadcrumb\":{\"@id\":\"https:\/\/rck.org.pl\/en\/projectsold\/#breadcrumb\"},\"inLanguage\":\"en-US\",\"potentialAction\":[{\"@type\":\"ReadAction\",\"target\":[\"https:\/\/rck.org.pl\/en\/projectsold\/\"]}]},{\"@type\":\"ImageObject\",\"inLanguage\":\"en-US\",\"@id\":\"https:\/\/rck.org.pl\/en\/projectsold\/#primaryimage\",\"url\":\"https:\/\/rck.org.pl\/wp-content\/uploads\/2019\/10\/ETUZ-2019-1024x189.png\",\"contentUrl\":\"https:\/\/rck.org.pl\/wp-content\/uploads\/2019\/10\/ETUZ-2019-1024x189.png\"},{\"@type\":\"BreadcrumbList\",\"@id\":\"https:\/\/rck.org.pl\/en\/projectsold\/#breadcrumb\",\"itemListElement\":[{\"@type\":\"ListItem\",\"position\":1,\"name\":\"Strona g\u0142\u00f3wna\",\"item\":\"https:\/\/rck.org.pl\/en\/\"},{\"@type\":\"ListItem\",\"position\":2,\"name\":\"Projects OLD\"}]},{\"@type\":\"WebSite\",\"@id\":\"https:\/\/rck.org.pl\/#website\",\"url\":\"https:\/\/rck.org.pl\/\",\"name\":\"Fundacja Regionalne Centrum Kompetencji - RCK Bia\u0142ystok\",\"description\":\"Regionalne Centrum Kompetencji Bia\u0142ystok\",\"potentialAction\":[{\"@type\":\"SearchAction\",\"target\":{\"@type\":\"EntryPoint\",\"urlTemplate\":\"https:\/\/rck.org.pl\/?s={search_term_string}\"},\"query-input\":{\"@type\":\"PropertyValueSpecification\",\"valueRequired\":true,\"valueName\":\"search_term_string\"}}],\"inLanguage\":\"en-US\"}]}<\/script>\n<!-- \/ Yoast SEO plugin. -->","yoast_head_json":{"title":"Projects OLD - Fundacja Regionalne Centrum Kompetencji - RCK Bia\u0142ystok","robots":{"index":"index","follow":"follow","max-snippet":"max-snippet:-1","max-image-preview":"max-image-preview:large","max-video-preview":"max-video-preview:-1"},"canonical":"https:\/\/rck.org.pl\/en\/projectsold\/","og_locale":"en_US","og_type":"article","og_title":"Projects OLD - Fundacja Regionalne Centrum Kompetencji - RCK Bia\u0142ystok","og_description":"Regionalne Centrum Kompetencji zaanga\u017cowane jest w nast\u0119puj\u0105ce przedsi\u0119wzi\u0119cia i inicjatywy edukacyjne: Fundacja bada jako\u015b\u0107 kszta\u0142cenia zawodowego w Suwa\u0142kachFundacja Regionalne Centrum Kompetencji w Bia\u0142ymstoku w okresie stycze\u0144 - czerwiec 2020 przygotowa\u0142a raport dotycz\u0105cy jako\u015bci kszta\u0142cenia zawodowego w szczeg\u00f3lno\u015bci w kontek\u015bcie jego dopasowania do potrzeb rynku pracy i kluczowych pracodawc\u00f3w Suwa\u0142k odnosz\u0105cego si\u0119 do Zespo\u0142u Szk\u00f3\u0142 nr [&hellip;]","og_url":"https:\/\/rck.org.pl\/en\/projectsold\/","og_site_name":"Fundacja Regionalne Centrum Kompetencji - RCK Bia\u0142ystok","article_modified_time":"2020-06-23T09:19:00+00:00","og_image":[{"url":"https:\/\/rck.org.pl\/wp-content\/uploads\/2019\/10\/ETUZ-2019-1024x189.png","type":"","width":"","height":""}],"twitter_card":"summary_large_image","twitter_misc":{"Est. reading time":"6 minutes"},"schema":{"@context":"https:\/\/schema.org","@graph":[{"@type":"WebPage","@id":"https:\/\/rck.org.pl\/en\/projectsold\/","url":"https:\/\/rck.org.pl\/en\/projectsold\/","name":"Projects OLD - Fundacja Regionalne Centrum Kompetencji - RCK Bia\u0142ystok","isPartOf":{"@id":"https:\/\/rck.org.pl\/#website"},"primaryImageOfPage":{"@id":"https:\/\/rck.org.pl\/en\/projectsold\/#primaryimage"},"image":{"@id":"https:\/\/rck.org.pl\/en\/projectsold\/#primaryimage"},"thumbnailUrl":"https:\/\/rck.org.pl\/wp-content\/uploads\/2019\/10\/ETUZ-2019-1024x189.png","datePublished":"2016-06-20T14:23:02+00:00","dateModified":"2020-06-23T09:19:00+00:00","breadcrumb":{"@id":"https:\/\/rck.org.pl\/en\/projectsold\/#breadcrumb"},"inLanguage":"en-US","potentialAction":[{"@type":"ReadAction","target":["https:\/\/rck.org.pl\/en\/projectsold\/"]}]},{"@type":"ImageObject","inLanguage":"en-US","@id":"https:\/\/rck.org.pl\/en\/projectsold\/#primaryimage","url":"https:\/\/rck.org.pl\/wp-content\/uploads\/2019\/10\/ETUZ-2019-1024x189.png","contentUrl":"https:\/\/rck.org.pl\/wp-content\/uploads\/2019\/10\/ETUZ-2019-1024x189.png"},{"@type":"BreadcrumbList","@id":"https:\/\/rck.org.pl\/en\/projectsold\/#breadcrumb","itemListElement":[{"@type":"ListItem","position":1,"name":"Strona g\u0142\u00f3wna","item":"https:\/\/rck.org.pl\/en\/"},{"@type":"ListItem","position":2,"name":"Projects OLD"}]},{"@type":"WebSite","@id":"https:\/\/rck.org.pl\/#website","url":"https:\/\/rck.org.pl\/","name":"Fundacja Regionalne Centrum Kompetencji - RCK Bia\u0142ystok","description":"Regionalne Centrum Kompetencji Bia\u0142ystok","potentialAction":[{"@type":"SearchAction","target":{"@type":"EntryPoint","urlTemplate":"https:\/\/rck.org.pl\/?s={search_term_string}"},"query-input":{"@type":"PropertyValueSpecification","valueRequired":true,"valueName":"search_term_string"}}],"inLanguage":"en-US"}]}},"_links":{"self":[{"href":"https:\/\/rck.org.pl\/en\/wp-json\/wp\/v2\/pages\/411","targetHints":{"allow":["GET"]}}],"collection":[{"href":"https:\/\/rck.org.pl\/en\/wp-json\/wp\/v2\/pages"}],"about":[{"href":"https:\/\/rck.org.pl\/en\/wp-json\/wp\/v2\/types\/page"}],"author":[{"embeddable":true,"href":"https:\/\/rck.org.pl\/en\/wp-json\/wp\/v2\/users\/1"}],"replies":[{"embeddable":true,"href":"https:\/\/rck.org.pl\/en\/wp-json\/wp\/v2\/comments?post=411"}],"version-history":[{"count":0,"href":"https:\/\/rck.org.pl\/en\/wp-json\/wp\/v2\/pages\/411\/revisions"}],"wp:attachment":[{"href":"https:\/\/rck.org.pl\/en\/wp-json\/wp\/v2\/media?parent=411"}],"curies":[{"name":"wp","href":"https:\/\/api.w.org\/{rel}","templated":true}]}}