{"id":400,"date":"2016-06-20T15:53:39","date_gmt":"2016-06-20T13:53:39","guid":{"rendered":"https:\/\/rck.org.pl\/en\/?page_id=400"},"modified":"2020-06-15T14:15:10","modified_gmt":"2020-06-15T12:15:10","slug":"about-foundation","status":"publish","type":"page","link":"https:\/\/rck.org.pl\/en\/about-foundation\/","title":{"rendered":"About Foundation"},"content":{"rendered":"<p>[et_pb_section fb_built=&#8221;1&#8243; fullwidth=&#8221;on&#8221; custom_padding_last_edited=&#8221;on|desktop&#8221; admin_label=&#8221;Sekcja&#8221; _builder_version=&#8221;3.22&#8243; background_color=&#8221;#f3f4f8&#8243; background_image=&#8221;https:\/\/rck.org.pl\/wp-content\/uploads\/2016\/03\/Depositphotos_35269821_original-e1458670349923.jpg&#8221; custom_padding_tablet=&#8221;50px|0|50px|0&#8243; custom_padding_phone=&#8221;&#8221; custom_css_main_element=&#8221; background-position: top;&#8221; transparent_background=&#8221;off&#8221; padding_mobile=&#8221;off&#8221; make_fullwidth=&#8221;off&#8221; use_custom_width=&#8221;off&#8221; width_unit=&#8221;on&#8221;][et_pb_fullwidth_header title=&#8221;About the Foundation&#8221; content_max_width=&#8221;none&#8221; title_font_color=&#8221;#4d515c&#8221; admin_label=&#8221;Nag\u0142\u00f3wek pe\u0142nej szeroko\u015bci&#8221; _builder_version=&#8221;4.3.4&#8243; title_text_color=&#8221;#4d515c&#8221; title_font_size=&#8221;45px&#8221; background_color=&#8221;rgba(255, 255, 255, 0)&#8221; background_layout=&#8221;light&#8221; custom_css_main_element=&#8221;border-bottom: solid 2px #3552a7;&#8221; button_one_letter_spacing_hover=&#8221;0&#8243; button_two_letter_spacing_hover=&#8221;0&#8243; button_one_text_size__hover_enabled=&#8221;off&#8221; button_two_text_size__hover_enabled=&#8221;off&#8221; button_one_text_color__hover_enabled=&#8221;off&#8221; button_two_text_color__hover_enabled=&#8221;off&#8221; button_one_border_width__hover_enabled=&#8221;off&#8221; button_two_border_width__hover_enabled=&#8221;off&#8221; button_one_border_color__hover_enabled=&#8221;off&#8221; button_two_border_color__hover_enabled=&#8221;off&#8221; button_one_border_radius__hover_enabled=&#8221;off&#8221; button_two_border_radius__hover_enabled=&#8221;off&#8221; button_one_letter_spacing__hover_enabled=&#8221;on&#8221; button_one_letter_spacing__hover=&#8221;0&#8243; button_two_letter_spacing__hover_enabled=&#8221;on&#8221; button_two_letter_spacing__hover=&#8221;0&#8243; button_one_bg_color__hover_enabled=&#8221;off&#8221; button_two_bg_color__hover_enabled=&#8221;off&#8221;][\/et_pb_fullwidth_header][\/et_pb_section][et_pb_section fb_built=&#8221;1&#8243; admin_label=&#8221;Sekcja&#8221; _builder_version=&#8221;3.22&#8243;][et_pb_row column_structure=&#8221;2_3,1_3&#8243; admin_label=&#8221;Wiersz&#8221; _builder_version=&#8221;3.25&#8243; background_size=&#8221;initial&#8221; background_position=&#8221;top_left&#8221; background_repeat=&#8221;repeat&#8221;][et_pb_column type=&#8221;2_3&#8243; _builder_version=&#8221;3.25&#8243; custom_padding=&#8221;|||&#8221; custom_padding__hover=&#8221;|||&#8221;][et_pb_text admin_label=&#8221;Tekst&#8221; _builder_version=&#8221;3.27.4&#8243; background_size=&#8221;initial&#8221; background_position=&#8221;top_left&#8221; background_repeat=&#8221;repeat&#8221; use_border_color=&#8221;off&#8221; border_color=&#8221;#ffffff&#8221; border_style=&#8221;solid&#8221;]<\/p>\n<div class=\"et_pb_text et_pb_module et_pb_bg_layout_light et_pb_text_align_left et_pb_text_0\">\n<p>Competence &#8211; a range of knowledge, skills and experience.<\/p>\n<p>Employers more and more often do not demand qualifications, but look for workers with specific competence. Regional Competence Center was established to fill a need for the development of competence in the region.<\/p>\n<p>Regional Competence Centre Foundation is a non-profit organization, which was created thanks to the commitment of representatives of the various groups operating in education and competence development.<\/p>\n<\/div>\n<p>[\/et_pb_text][\/et_pb_column][et_pb_column type=&#8221;1_3&#8243; _builder_version=&#8221;3.25&#8243; custom_padding=&#8221;|||&#8221; custom_padding__hover=&#8221;|||&#8221;][et_pb_image src=&#8221;https:\/\/rck.org.pl\/wp-content\/uploads\/2020\/06\/PHOTO-2019-09-18-12-19-18.jpg&#8221; align=&#8221;center&#8221; align_tablet=&#8221;center&#8221; align_phone=&#8221;&#8221; align_last_edited=&#8221;on|desktop&#8221; admin_label=&#8221;Obraz&#8221; _builder_version=&#8221;4.3.4&#8243; animation_style=&#8221;slide&#8221; animation_direction=&#8221;left&#8221; animation_duration=&#8221;500ms&#8221; animation_intensity_slide=&#8221;10%&#8221; hover_enabled=&#8221;0&#8243; use_border_color=&#8221;off&#8221; border_color=&#8221;#ffffff&#8221; border_style=&#8221;solid&#8221; animation=&#8221;left&#8221; sticky=&#8221;off&#8221; always_center_on_mobile=&#8221;on&#8221;] [\/et_pb_image][\/et_pb_column][\/et_pb_row][et_pb_row admin_label=&#8221;Wiersz&#8221; _builder_version=&#8221;3.25&#8243; background_size=&#8221;initial&#8221; background_position=&#8221;top_left&#8221; background_repeat=&#8221;repeat&#8221;][et_pb_column type=&#8221;4_4&#8243; _builder_version=&#8221;3.25&#8243; custom_padding=&#8221;|||&#8221; custom_padding__hover=&#8221;|||&#8221;][et_pb_text admin_label=&#8221;Tekst&#8221; _builder_version=&#8221;3.27.4&#8243; background_size=&#8221;initial&#8221; background_position=&#8221;top_left&#8221; background_repeat=&#8221;repeat&#8221; use_border_color=&#8221;off&#8221; border_color=&#8221;#ffffff&#8221; border_style=&#8221;solid&#8221;]The objective of the Foundation is to support:<\/p>\n<ul>\n<li>projects, organizations, institutions and entities that are promoting and developing education, skills and qualifications, as well as supporting the development of schools, educational institutions and universities,<\/li>\n<li>activities for European integration and the development of contacts and cooperation between people, nations and organizations,<\/li>\n<li>activities that support economic development, entrepreneurship development,<\/li>\n<li>activities that support the development of local communities and local authorities,<\/li>\n<li>initiation of innovative solutions in learning, teaching, schooling and education,<\/li>\n<li>creation of the conditions for innovation and entrepreneurship in the education sector,<\/li>\n<li>publication of educational, cultural, social, charitable, health, environmental, occupational, and economic information,<\/li>\n<li>development of human resources for modern education and culture,<\/li>\n<li>promotion of projects equalizing educational opportunities,<\/li>\n<li>organisation of school and extracurricular education<\/li>\n<li>activites leading to mitigation of the effects of unemployment,<\/li>\n<li>local development (farmers, rural residents, small towns) to adapt to the economic and social conditions of the EU,<\/li>\n<li>equalization of opportunities for people from the cities and rural areas, men and women, the disabled, national and social minorities, and people at risk of social exclusion.<\/li>\n<\/ul>\n<p>&nbsp;<\/p>\n<p>Activities of the Centre are based on the development of competence among teachers, students, graduates, and staff of the regional economy. The form of competence development is adjusted to the nature and needs of the recipients. In the Center, competence development is directly connected with the needs of the regional economy and created exclusively in collaboration with entrepreneurs.<\/p>\n<p style=\"text-align: center;\"><strong>Develop your <\/strong><strong>competencies<\/strong><strong> with us!<\/strong><\/p>\n<p>[\/et_pb_text][\/et_pb_column][\/et_pb_row][\/et_pb_section]<\/p>\n","protected":false},"excerpt":{"rendered":"<p>Competence &#8211; a range of knowledge, skills and experience. Employers more and more often do not demand qualifications, but look for workers with specific competence. Regional Competence Center was established to fill a need for the development of competence in the region. Regional Competence Centre Foundation is a non-profit organization, which was created thanks to [&hellip;]<\/p>\n","protected":false},"author":1,"featured_media":0,"parent":0,"menu_order":1,"comment_status":"closed","ping_status":"closed","template":"","meta":{"_et_pb_use_builder":"on","_et_pb_old_content":"","_et_gb_content_width":"","footnotes":""},"class_list":["post-400","page","type-page","status-publish","hentry"],"yoast_head":"<!-- This site is optimized with the Yoast SEO plugin v27.1 - https:\/\/yoast.com\/product\/yoast-seo-wordpress\/ -->\n<title>About Foundation - Fundacja Regionalne Centrum Kompetencji - RCK Bia\u0142ystok<\/title>\n<meta name=\"robots\" content=\"index, follow, max-snippet:-1, max-image-preview:large, max-video-preview:-1\" \/>\n<link rel=\"canonical\" href=\"https:\/\/rck.org.pl\/en\/about-foundation\/\" \/>\n<meta property=\"og:locale\" content=\"en_US\" \/>\n<meta property=\"og:type\" content=\"article\" \/>\n<meta property=\"og:title\" content=\"About Foundation - Fundacja Regionalne Centrum Kompetencji - RCK Bia\u0142ystok\" \/>\n<meta property=\"og:description\" content=\"Competence - a range of knowledge, skills and experience. Employers more and more often do not demand qualifications, but look for workers with specific competence. Regional Competence Center was established to fill a need for the development of competence in the region. Regional Competence Centre Foundation is a non-profit organization, which was created thanks to [&hellip;]\" \/>\n<meta property=\"og:url\" content=\"https:\/\/rck.org.pl\/en\/about-foundation\/\" \/>\n<meta property=\"og:site_name\" content=\"Fundacja Regionalne Centrum Kompetencji - RCK Bia\u0142ystok\" \/>\n<meta property=\"article:modified_time\" content=\"2020-06-15T12:15:10+00:00\" \/>\n<meta name=\"twitter:card\" content=\"summary_large_image\" \/>\n<meta name=\"twitter:label1\" content=\"Est. reading time\" \/>\n\t<meta name=\"twitter:data1\" content=\"4 minutes\" \/>\n<script type=\"application\/ld+json\" class=\"yoast-schema-graph\">{\"@context\":\"https:\/\/schema.org\",\"@graph\":[{\"@type\":\"WebPage\",\"@id\":\"https:\/\/rck.org.pl\/en\/about-foundation\/\",\"url\":\"https:\/\/rck.org.pl\/en\/about-foundation\/\",\"name\":\"About Foundation - Fundacja Regionalne Centrum Kompetencji - RCK Bia\u0142ystok\",\"isPartOf\":{\"@id\":\"https:\/\/rck.org.pl\/#website\"},\"datePublished\":\"2016-06-20T13:53:39+00:00\",\"dateModified\":\"2020-06-15T12:15:10+00:00\",\"breadcrumb\":{\"@id\":\"https:\/\/rck.org.pl\/en\/about-foundation\/#breadcrumb\"},\"inLanguage\":\"en-US\",\"potentialAction\":[{\"@type\":\"ReadAction\",\"target\":[\"https:\/\/rck.org.pl\/en\/about-foundation\/\"]}]},{\"@type\":\"BreadcrumbList\",\"@id\":\"https:\/\/rck.org.pl\/en\/about-foundation\/#breadcrumb\",\"itemListElement\":[{\"@type\":\"ListItem\",\"position\":1,\"name\":\"Strona g\u0142\u00f3wna\",\"item\":\"https:\/\/rck.org.pl\/en\/\"},{\"@type\":\"ListItem\",\"position\":2,\"name\":\"About Foundation\"}]},{\"@type\":\"WebSite\",\"@id\":\"https:\/\/rck.org.pl\/#website\",\"url\":\"https:\/\/rck.org.pl\/\",\"name\":\"Fundacja Regionalne Centrum Kompetencji - RCK Bia\u0142ystok\",\"description\":\"Regionalne Centrum Kompetencji Bia\u0142ystok\",\"potentialAction\":[{\"@type\":\"SearchAction\",\"target\":{\"@type\":\"EntryPoint\",\"urlTemplate\":\"https:\/\/rck.org.pl\/?s={search_term_string}\"},\"query-input\":{\"@type\":\"PropertyValueSpecification\",\"valueRequired\":true,\"valueName\":\"search_term_string\"}}],\"inLanguage\":\"en-US\"}]}<\/script>\n<!-- \/ Yoast SEO plugin. -->","yoast_head_json":{"title":"About Foundation - Fundacja Regionalne Centrum Kompetencji - RCK Bia\u0142ystok","robots":{"index":"index","follow":"follow","max-snippet":"max-snippet:-1","max-image-preview":"max-image-preview:large","max-video-preview":"max-video-preview:-1"},"canonical":"https:\/\/rck.org.pl\/en\/about-foundation\/","og_locale":"en_US","og_type":"article","og_title":"About Foundation - Fundacja Regionalne Centrum Kompetencji - RCK Bia\u0142ystok","og_description":"Competence - a range of knowledge, skills and experience. Employers more and more often do not demand qualifications, but look for workers with specific competence. Regional Competence Center was established to fill a need for the development of competence in the region. Regional Competence Centre Foundation is a non-profit organization, which was created thanks to [&hellip;]","og_url":"https:\/\/rck.org.pl\/en\/about-foundation\/","og_site_name":"Fundacja Regionalne Centrum Kompetencji - RCK Bia\u0142ystok","article_modified_time":"2020-06-15T12:15:10+00:00","twitter_card":"summary_large_image","twitter_misc":{"Est. reading time":"4 minutes"},"schema":{"@context":"https:\/\/schema.org","@graph":[{"@type":"WebPage","@id":"https:\/\/rck.org.pl\/en\/about-foundation\/","url":"https:\/\/rck.org.pl\/en\/about-foundation\/","name":"About Foundation - Fundacja Regionalne Centrum Kompetencji - RCK Bia\u0142ystok","isPartOf":{"@id":"https:\/\/rck.org.pl\/#website"},"datePublished":"2016-06-20T13:53:39+00:00","dateModified":"2020-06-15T12:15:10+00:00","breadcrumb":{"@id":"https:\/\/rck.org.pl\/en\/about-foundation\/#breadcrumb"},"inLanguage":"en-US","potentialAction":[{"@type":"ReadAction","target":["https:\/\/rck.org.pl\/en\/about-foundation\/"]}]},{"@type":"BreadcrumbList","@id":"https:\/\/rck.org.pl\/en\/about-foundation\/#breadcrumb","itemListElement":[{"@type":"ListItem","position":1,"name":"Strona g\u0142\u00f3wna","item":"https:\/\/rck.org.pl\/en\/"},{"@type":"ListItem","position":2,"name":"About Foundation"}]},{"@type":"WebSite","@id":"https:\/\/rck.org.pl\/#website","url":"https:\/\/rck.org.pl\/","name":"Fundacja Regionalne Centrum Kompetencji - RCK Bia\u0142ystok","description":"Regionalne Centrum Kompetencji Bia\u0142ystok","potentialAction":[{"@type":"SearchAction","target":{"@type":"EntryPoint","urlTemplate":"https:\/\/rck.org.pl\/?s={search_term_string}"},"query-input":{"@type":"PropertyValueSpecification","valueRequired":true,"valueName":"search_term_string"}}],"inLanguage":"en-US"}]}},"_links":{"self":[{"href":"https:\/\/rck.org.pl\/en\/wp-json\/wp\/v2\/pages\/400","targetHints":{"allow":["GET"]}}],"collection":[{"href":"https:\/\/rck.org.pl\/en\/wp-json\/wp\/v2\/pages"}],"about":[{"href":"https:\/\/rck.org.pl\/en\/wp-json\/wp\/v2\/types\/page"}],"author":[{"embeddable":true,"href":"https:\/\/rck.org.pl\/en\/wp-json\/wp\/v2\/users\/1"}],"replies":[{"embeddable":true,"href":"https:\/\/rck.org.pl\/en\/wp-json\/wp\/v2\/comments?post=400"}],"version-history":[{"count":0,"href":"https:\/\/rck.org.pl\/en\/wp-json\/wp\/v2\/pages\/400\/revisions"}],"wp:attachment":[{"href":"https:\/\/rck.org.pl\/en\/wp-json\/wp\/v2\/media?parent=400"}],"curies":[{"name":"wp","href":"https:\/\/api.w.org\/{rel}","templated":true}]}}