{"id":391,"date":"2016-03-22T15:14:14","date_gmt":"2016-03-22T14:14:14","guid":{"rendered":"https:\/\/rck.org.pl\/en\/wspolpraca-i-partnerzy\/"},"modified":"2020-12-21T12:08:04","modified_gmt":"2020-12-21T11:08:04","slug":"cooperation-partners","status":"publish","type":"page","link":"https:\/\/rck.org.pl\/en\/cooperation-partners\/","title":{"rendered":"Cooperation &#038; Partners"},"content":{"rendered":"<p>[et_pb_section fb_built=&#8221;1&#8243; fullwidth=&#8221;on&#8221; custom_padding_last_edited=&#8221;on|desktop&#8221; _builder_version=&#8221;3.22&#8243; background_color=&#8221;#f3f4f8&#8243; background_image=&#8221;https:\/\/rck.org.pl\/wp-content\/uploads\/2016\/03\/Depositphotos_35269821_original-e1458670349923.jpg&#8221; custom_padding_tablet=&#8221;50px|0|50px|0&#8243; custom_padding_phone=&#8221;&#8221; custom_css_main_element=&#8221;background-position: top;&#8221; transparent_background=&#8221;off&#8221; padding_mobile=&#8221;off&#8221; make_fullwidth=&#8221;off&#8221; use_custom_width=&#8221;off&#8221; width_unit=&#8221;on&#8221;][et_pb_fullwidth_header title=&#8221;Cooperation and Partners&#8221; content_max_width=&#8221;none&#8221; title_font_color=&#8221;#4d515c&#8221; _builder_version=&#8221;4.3.4&#8243; title_text_color=&#8221;#4d515c&#8221; title_font_size=&#8221;45px&#8221; background_color=&#8221;rgba(255, 255, 255, 0)&#8221; background_layout=&#8221;light&#8221; custom_css_main_element=&#8221;border-bottom: solid 2px #3552a7;&#8221; button_one_letter_spacing_hover=&#8221;0&#8243; button_two_letter_spacing_hover=&#8221;0&#8243; button_one_text_size__hover_enabled=&#8221;off&#8221; button_two_text_size__hover_enabled=&#8221;off&#8221; button_one_text_color__hover_enabled=&#8221;off&#8221; button_two_text_color__hover_enabled=&#8221;off&#8221; button_one_border_width__hover_enabled=&#8221;off&#8221; button_two_border_width__hover_enabled=&#8221;off&#8221; button_one_border_color__hover_enabled=&#8221;off&#8221; button_two_border_color__hover_enabled=&#8221;off&#8221; button_one_border_radius__hover_enabled=&#8221;off&#8221; button_two_border_radius__hover_enabled=&#8221;off&#8221; button_one_letter_spacing__hover_enabled=&#8221;on&#8221; button_one_letter_spacing__hover=&#8221;0&#8243; button_two_letter_spacing__hover_enabled=&#8221;on&#8221; button_two_letter_spacing__hover=&#8221;0&#8243; button_one_bg_color__hover_enabled=&#8221;off&#8221; button_two_bg_color__hover_enabled=&#8221;off&#8221;][\/et_pb_fullwidth_header][\/et_pb_section][et_pb_section fb_built=&#8221;1&#8243; _builder_version=&#8221;3.22&#8243;][et_pb_row _builder_version=&#8221;3.25&#8243; background_size=&#8221;initial&#8221; background_position=&#8221;top_left&#8221; background_repeat=&#8221;repeat&#8221;][et_pb_column type=&#8221;4_4&#8243; _builder_version=&#8221;3.25&#8243; custom_padding=&#8221;|||&#8221; custom_padding__hover=&#8221;|||&#8221;][et_pb_text _builder_version=&#8221;3.27.4&#8243; background_size=&#8221;initial&#8221; background_position=&#8221;top_left&#8221; background_repeat=&#8221;repeat&#8221; use_border_color=&#8221;off&#8221; border_color=&#8221;#ffffff&#8221; border_style=&#8221;solid&#8221;]Currently, we cooperate with the following entities:<br \/>\n[\/et_pb_text][\/et_pb_column][\/et_pb_row][et_pb_row column_structure=&#8221;1_2,1_2&#8243; _builder_version=&#8221;3.25&#8243; background_size=&#8221;initial&#8221; background_position=&#8221;top_left&#8221; background_repeat=&#8221;repeat&#8221;][et_pb_column type=&#8221;1_2&#8243; _builder_version=&#8221;3.25&#8243; custom_padding=&#8221;|||&#8221; custom_padding__hover=&#8221;|||&#8221;][et_pb_text _builder_version=&#8221;3.27.4&#8243; background_size=&#8221;initial&#8221; background_position=&#8221;top_left&#8221; background_repeat=&#8221;repeat&#8221;]National cooperation:<\/p>\n<div>\n<p>Educational institutions:<\/p>\n<\/div>\n<ul>\n<li>Augustowskie Centrum Edukacyjne,<\/li>\n<li>Zesp\u00f3\u0142 Szk\u00f3\u0142 Mechanicznych im. St. Czarnieckiego w \u0141apach,<\/li>\n<li>Zesp\u00f3\u0142 Szk\u00f3\u0142 Technicznych w Kolnie,<\/li>\n<li>Zesp\u00f3\u0142 Szk\u00f3\u0142 Centrum Kszta\u0142cenia Rolniczego im. Krzysztofa Kluka w Rudce,<\/li>\n<li>Centrum Kszta\u0142cenia Zawodowego w Wysokiem Mazowieckiem,<\/li>\n<li>Zesp\u00f3\u0142 Szk\u00f3\u0142 Rolniczych im. W\u0142adys\u0142awa Stanis\u0142awa Reymonta w Czartajewie,<\/li>\n<li>Zesp\u00f3\u0142 Szk\u00f3\u0142 im. Marsza\u0142ka J\u00f3zefa Pi\u0142sudskiego w Szczuczynie,<\/li>\n<li>Zesp\u00f3\u0142 Szk\u00f3\u0142 im. ks. Jana Krzysztofa Kluka w Wojewodzinie,<\/li>\n<li>Zesp\u00f3\u0142 Szk\u00f3\u0142 Og\u00f3lnokszta\u0142c\u0105cych i Zawodowych w Mo\u0144kach,<\/li>\n<li>Zesp\u00f3\u0142 Szk\u00f3\u0142 Og\u00f3lnokszta\u0142c\u0105cych w Sejnach,<\/li>\n<li>Zesp\u00f3\u0142 Szk\u00f3\u0142 Technicznych w Suwa\u0142kach,<\/li>\n<li>Szko\u0142a Policealna Nr 1 Ochrony Zdrowia w Bia\u0142ymstoku,<\/li>\n<li>Policealna Szko\u0142a Zawodowa Meritum,<\/li>\n<li>Zesp\u00f3\u0142 Szk\u00f3\u0142 w Micha\u0142owie,<\/li>\n<li>Zesp\u00f3\u0142 Szk\u00f3\u0142 Zawodowych im. Elizy Orzeszkowej w Sok\u00f3\u0142ce,<\/li>\n<li>Zesp\u00f3\u0142 Szk\u00f3\u0142 Rolniczych im. mjr Henryka Dobrza\u0144skiego \u2013 Hubala w Sok\u00f3\u0142ce,<\/li>\n<li>Zesp\u00f3\u0142 Szk\u00f3\u0142 Rolniczych im. Wincentego Witosa w Ostro\u017canach,<\/li>\n<li>Zesp\u00f3\u0142 Szk\u00f3\u0142 Gastronomicznych w Bia\u0142ymstoku,<\/li>\n<li>Zesp\u00f3\u0142 Szk\u00f3\u0142 Nr 1 w Bielsku Podlaskim,<\/li>\n<li>Zesp\u00f3\u0142 Szk\u00f3\u0142 Nr 4 w Bielsku Podlaskim,<\/li>\n<li>Zesp\u00f3\u0142 Szk\u00f3\u0142 Handlowo-Ekonomicznych w Bia\u0142ymstoku,<\/li>\n<li>Zesp\u00f3\u0142 Szk\u00f3\u0142 Technicznych i Og\u00f3lnokszta\u0142c\u0105cych im. Stanis\u0142awa Staszica w Bia\u0142ymstoku,<\/li>\n<li>Zesp\u00f3\u0142 Szk\u00f3\u0142 Zawodowych w Hajn\u00f3wce,<\/li>\n<\/ul>\n<p>and<\/p>\n<ul>\n<li>Centrum Edukacji Nauczycieli w Bia\u0142ymstoku,<\/li>\n<li>Podlaski O\u015brodek Doskonalenia Nauczycieli \u2013 Mentor,<\/li>\n<li>\u201eProtinus\u201d O\u015brodek Szkoleniowo-Badawczy w Bia\u0142ymstoku.<\/li>\n<\/ul>\n<div>National cooperation is mainly based on preparation of analysis for Vocational Education and Training Development Strategy in Podlasie region.<\/div>\n<div>\n<p>&nbsp;<\/p>\n<p>Economic entities:<\/p>\n<\/div>\n<ul>\n<li>Ideal Group Sp. z o.o.,<\/li>\n<li>P2V Polska Sp. z o.o.,<\/li>\n<li>Centrum Bada\u0144 i Rozwoju Vendingu Sp. z o.o.,<\/li>\n<li>EkoExpert Doradztwo Ekologiczne i Gospodarcze,<\/li>\n<li>Perfect Project Sp. z o.o.<\/li>\n<\/ul>\n<p>National cooperation is carried out mainly at the level of preparation, implementation and accounting of projects financed by external sources.<br \/>\n[\/et_pb_text][\/et_pb_column][et_pb_column type=&#8221;1_2&#8243; _builder_version=&#8221;3.25&#8243; custom_padding=&#8221;|||&#8221; custom_padding__hover=&#8221;|||&#8221;][et_pb_text _builder_version=&#8221;4.6.6&#8243; background_size=&#8221;initial&#8221; background_position=&#8221;top_left&#8221; background_repeat=&#8221;repeat&#8221; hover_enabled=&#8221;0&#8243; border_style=&#8221;solid&#8221; sticky_enabled=&#8221;0&#8243;]<\/p>\n<p><strong>International cooperation:<\/strong><\/p>\n<ul>\n<li>Xploreworld (Estonia),<\/li>\n<li>Poanta (Bulgaria),<\/li>\n<li>Piedzivojumu parks (Latvia),<\/li>\n<li>HELLASFORUS (Grece),<\/li>\n<li>ASOCIACI\u00d3N EUROPA 2020 (Spain),<\/li>\n<li>GLOBE &#8211; Global Learning Opportunities for Better Education (Italy),<\/li>\n<li>Urbana Mladez (Croatia),<\/li>\n<li>Mokymosi idejos (Lithuania),<\/li>\n<\/ul>\n<p>International cooperation is based mainly on promoting the concept of mobility and shaping skills through short exchanges and internships. New skills obtained in an international environment contribute to expansion of horizons of each participant. Also, sharing their knowledge with citizens of other countries increases the sense of belonging to the European Union.<\/p>\n<ul>\n<li>Vilniaus technologij\u0173, verslo ir \u017eem\u0117s \u016bkio mokykla (Lithuania),<\/li>\n<li>Daugavpils Tirdzniec\u012bbas Skola Daugavpils (Latvia),<\/li>\n<li>Evropsk\u00e1 rozvojov\u00e1 agentura (Czech Rep.),<\/li>\n<li>FORTES Impresa Sociale SRL (Italy),<\/li>\n<li>UAB Globalios id\u0117jos (Lithuania),<\/li>\n<li>ESMOVIA Sistema Practices\u00a0S.L. (Spain),<\/li>\n<li>QUALO spol. s r.o. (Czech Rep.),<\/li>\n<li>euroMind Projects S.L. (Spain),<\/li>\n<li>Klaip\u0117dos paslaug\u0173 ir verslo mokykla (Lithuania),<\/li>\n<li>Klaip\u0117dos Ernesto Galvanausko profesinio mokymo centras (Lithuania),<\/li>\n<li>Klaip\u0117dos technologij\u0173 mokymo centras (Lithuania),<\/li>\n<li>Liep\u0101jas Valsts tehnikums (Latvia),<\/li>\n<li>St\u0159edn\u00ed pr\u016fmyslov\u00e1 \u0161kola dopravn\u00ed,\u00a0a.s. Praha (Czech Rep.),<\/li>\n<li>Akademie \u0159emesel Praha \u2013 St\u0159edn\u00ed \u0161kola technick\u00e1 (Czech Rep.),<\/li>\n<li>Rezeknes Tehnikum (Latvia),<\/li>\n<li>Kauno maisto pramones ir prekybos mokymo centras (Lithuania).<\/li>\n<\/ul>\n<p>Joint organization of international internships for students of technical schools of the Podlasie region.<\/p>\n<ul>\n<li>\u0160vietimo, tyrim\u0173 ir konsultacij\u0173 centras (Lithuania).<\/li>\n<\/ul>\n<p>Education of coaching competence and adult education in accordance with international standards.<\/p>\n<ul>\n<li>Ainia Centro Tecnol\u00f3gico (Spain),<\/li>\n<li>CIS &#8211; Scuola per la gestione d\u00b4impresa (Italy),<\/li>\n<li>AIJU &#8211; Centro Tecnologico del Juguete (Spain),<\/li>\n<li>ERCC &#8211; \u0160vietimo, tyrim\u0173 ir konsultacij\u0173 centras (Lithuania).<\/li>\n<\/ul>\n<p>Cooperation in joint research projects and innovative projects in schools and vocational training centers.<\/p>\n<p>[\/et_pb_text][\/et_pb_column][\/et_pb_row][\/et_pb_section]<\/p>\n","protected":false},"excerpt":{"rendered":"<p>Currently, we cooperate with the following entities: National cooperation: Educational institutions: Augustowskie Centrum Edukacyjne, Zesp\u00f3\u0142 Szk\u00f3\u0142 Mechanicznych im. St. Czarnieckiego w \u0141apach, Zesp\u00f3\u0142 Szk\u00f3\u0142 Technicznych w Kolnie, Zesp\u00f3\u0142 Szk\u00f3\u0142 Centrum Kszta\u0142cenia Rolniczego im. Krzysztofa Kluka w Rudce, Centrum Kszta\u0142cenia Zawodowego w Wysokiem Mazowieckiem, Zesp\u00f3\u0142 Szk\u00f3\u0142 Rolniczych im. W\u0142adys\u0142awa Stanis\u0142awa Reymonta w Czartajewie, Zesp\u00f3\u0142 Szk\u00f3\u0142 im. [&hellip;]<\/p>\n","protected":false},"author":1,"featured_media":0,"parent":0,"menu_order":0,"comment_status":"closed","ping_status":"closed","template":"","meta":{"_et_pb_use_builder":"on","_et_pb_old_content":"","_et_gb_content_width":"","footnotes":""},"class_list":["post-391","page","type-page","status-publish","hentry"],"yoast_head":"<!-- This site is optimized with the Yoast SEO plugin v27.1 - https:\/\/yoast.com\/product\/yoast-seo-wordpress\/ -->\n<title>Cooperation &amp; Partners - Fundacja Regionalne Centrum Kompetencji - RCK Bia\u0142ystok<\/title>\n<meta name=\"robots\" content=\"index, follow, max-snippet:-1, max-image-preview:large, max-video-preview:-1\" \/>\n<link rel=\"canonical\" href=\"https:\/\/rck.org.pl\/en\/cooperation-partners\/\" \/>\n<meta property=\"og:locale\" content=\"en_US\" \/>\n<meta property=\"og:type\" content=\"article\" \/>\n<meta property=\"og:title\" content=\"Cooperation &amp; Partners - Fundacja Regionalne Centrum Kompetencji - RCK Bia\u0142ystok\" \/>\n<meta property=\"og:description\" content=\"Currently, we cooperate with the following entities: National cooperation: Educational institutions: Augustowskie Centrum Edukacyjne, Zesp\u00f3\u0142 Szk\u00f3\u0142 Mechanicznych im. St. Czarnieckiego w \u0141apach, Zesp\u00f3\u0142 Szk\u00f3\u0142 Technicznych w Kolnie, Zesp\u00f3\u0142 Szk\u00f3\u0142 Centrum Kszta\u0142cenia Rolniczego im. Krzysztofa Kluka w Rudce, Centrum Kszta\u0142cenia Zawodowego w Wysokiem Mazowieckiem, Zesp\u00f3\u0142 Szk\u00f3\u0142 Rolniczych im. W\u0142adys\u0142awa Stanis\u0142awa Reymonta w Czartajewie, Zesp\u00f3\u0142 Szk\u00f3\u0142 im. [&hellip;]\" \/>\n<meta property=\"og:url\" content=\"https:\/\/rck.org.pl\/en\/cooperation-partners\/\" \/>\n<meta property=\"og:site_name\" content=\"Fundacja Regionalne Centrum Kompetencji - RCK Bia\u0142ystok\" \/>\n<meta property=\"article:modified_time\" content=\"2020-12-21T11:08:04+00:00\" \/>\n<meta name=\"twitter:card\" content=\"summary_large_image\" \/>\n<meta name=\"twitter:label1\" content=\"Est. reading time\" \/>\n\t<meta name=\"twitter:data1\" content=\"5 minutes\" \/>\n<script type=\"application\/ld+json\" class=\"yoast-schema-graph\">{\"@context\":\"https:\/\/schema.org\",\"@graph\":[{\"@type\":\"WebPage\",\"@id\":\"https:\/\/rck.org.pl\/en\/cooperation-partners\/\",\"url\":\"https:\/\/rck.org.pl\/en\/cooperation-partners\/\",\"name\":\"Cooperation & Partners - Fundacja Regionalne Centrum Kompetencji - RCK Bia\u0142ystok\",\"isPartOf\":{\"@id\":\"https:\/\/rck.org.pl\/#website\"},\"datePublished\":\"2016-03-22T14:14:14+00:00\",\"dateModified\":\"2020-12-21T11:08:04+00:00\",\"breadcrumb\":{\"@id\":\"https:\/\/rck.org.pl\/en\/cooperation-partners\/#breadcrumb\"},\"inLanguage\":\"en-US\",\"potentialAction\":[{\"@type\":\"ReadAction\",\"target\":[\"https:\/\/rck.org.pl\/en\/cooperation-partners\/\"]}]},{\"@type\":\"BreadcrumbList\",\"@id\":\"https:\/\/rck.org.pl\/en\/cooperation-partners\/#breadcrumb\",\"itemListElement\":[{\"@type\":\"ListItem\",\"position\":1,\"name\":\"Strona g\u0142\u00f3wna\",\"item\":\"https:\/\/rck.org.pl\/en\/\"},{\"@type\":\"ListItem\",\"position\":2,\"name\":\"Cooperation &#038; Partners\"}]},{\"@type\":\"WebSite\",\"@id\":\"https:\/\/rck.org.pl\/#website\",\"url\":\"https:\/\/rck.org.pl\/\",\"name\":\"Fundacja Regionalne Centrum Kompetencji - RCK Bia\u0142ystok\",\"description\":\"Regionalne Centrum Kompetencji Bia\u0142ystok\",\"potentialAction\":[{\"@type\":\"SearchAction\",\"target\":{\"@type\":\"EntryPoint\",\"urlTemplate\":\"https:\/\/rck.org.pl\/?s={search_term_string}\"},\"query-input\":{\"@type\":\"PropertyValueSpecification\",\"valueRequired\":true,\"valueName\":\"search_term_string\"}}],\"inLanguage\":\"en-US\"}]}<\/script>\n<!-- \/ Yoast SEO plugin. -->","yoast_head_json":{"title":"Cooperation & Partners - Fundacja Regionalne Centrum Kompetencji - RCK Bia\u0142ystok","robots":{"index":"index","follow":"follow","max-snippet":"max-snippet:-1","max-image-preview":"max-image-preview:large","max-video-preview":"max-video-preview:-1"},"canonical":"https:\/\/rck.org.pl\/en\/cooperation-partners\/","og_locale":"en_US","og_type":"article","og_title":"Cooperation & Partners - Fundacja Regionalne Centrum Kompetencji - RCK Bia\u0142ystok","og_description":"Currently, we cooperate with the following entities: National cooperation: Educational institutions: Augustowskie Centrum Edukacyjne, Zesp\u00f3\u0142 Szk\u00f3\u0142 Mechanicznych im. St. Czarnieckiego w \u0141apach, Zesp\u00f3\u0142 Szk\u00f3\u0142 Technicznych w Kolnie, Zesp\u00f3\u0142 Szk\u00f3\u0142 Centrum Kszta\u0142cenia Rolniczego im. Krzysztofa Kluka w Rudce, Centrum Kszta\u0142cenia Zawodowego w Wysokiem Mazowieckiem, Zesp\u00f3\u0142 Szk\u00f3\u0142 Rolniczych im. W\u0142adys\u0142awa Stanis\u0142awa Reymonta w Czartajewie, Zesp\u00f3\u0142 Szk\u00f3\u0142 im. [&hellip;]","og_url":"https:\/\/rck.org.pl\/en\/cooperation-partners\/","og_site_name":"Fundacja Regionalne Centrum Kompetencji - RCK Bia\u0142ystok","article_modified_time":"2020-12-21T11:08:04+00:00","twitter_card":"summary_large_image","twitter_misc":{"Est. reading time":"5 minutes"},"schema":{"@context":"https:\/\/schema.org","@graph":[{"@type":"WebPage","@id":"https:\/\/rck.org.pl\/en\/cooperation-partners\/","url":"https:\/\/rck.org.pl\/en\/cooperation-partners\/","name":"Cooperation & Partners - Fundacja Regionalne Centrum Kompetencji - RCK Bia\u0142ystok","isPartOf":{"@id":"https:\/\/rck.org.pl\/#website"},"datePublished":"2016-03-22T14:14:14+00:00","dateModified":"2020-12-21T11:08:04+00:00","breadcrumb":{"@id":"https:\/\/rck.org.pl\/en\/cooperation-partners\/#breadcrumb"},"inLanguage":"en-US","potentialAction":[{"@type":"ReadAction","target":["https:\/\/rck.org.pl\/en\/cooperation-partners\/"]}]},{"@type":"BreadcrumbList","@id":"https:\/\/rck.org.pl\/en\/cooperation-partners\/#breadcrumb","itemListElement":[{"@type":"ListItem","position":1,"name":"Strona g\u0142\u00f3wna","item":"https:\/\/rck.org.pl\/en\/"},{"@type":"ListItem","position":2,"name":"Cooperation &#038; Partners"}]},{"@type":"WebSite","@id":"https:\/\/rck.org.pl\/#website","url":"https:\/\/rck.org.pl\/","name":"Fundacja Regionalne Centrum Kompetencji - RCK Bia\u0142ystok","description":"Regionalne Centrum Kompetencji Bia\u0142ystok","potentialAction":[{"@type":"SearchAction","target":{"@type":"EntryPoint","urlTemplate":"https:\/\/rck.org.pl\/?s={search_term_string}"},"query-input":{"@type":"PropertyValueSpecification","valueRequired":true,"valueName":"search_term_string"}}],"inLanguage":"en-US"}]}},"_links":{"self":[{"href":"https:\/\/rck.org.pl\/en\/wp-json\/wp\/v2\/pages\/391","targetHints":{"allow":["GET"]}}],"collection":[{"href":"https:\/\/rck.org.pl\/en\/wp-json\/wp\/v2\/pages"}],"about":[{"href":"https:\/\/rck.org.pl\/en\/wp-json\/wp\/v2\/types\/page"}],"author":[{"embeddable":true,"href":"https:\/\/rck.org.pl\/en\/wp-json\/wp\/v2\/users\/1"}],"replies":[{"embeddable":true,"href":"https:\/\/rck.org.pl\/en\/wp-json\/wp\/v2\/comments?post=391"}],"version-history":[{"count":0,"href":"https:\/\/rck.org.pl\/en\/wp-json\/wp\/v2\/pages\/391\/revisions"}],"wp:attachment":[{"href":"https:\/\/rck.org.pl\/en\/wp-json\/wp\/v2\/media?parent=391"}],"curies":[{"name":"wp","href":"https:\/\/api.w.org\/{rel}","templated":true}]}}